{"id":46763,"date":"2022-12-13T08:42:44","date_gmt":"2022-12-13T07:42:44","guid":{"rendered":"https:\/\/3mkstore.com\/?post_type=product&#038;p=46763"},"modified":"2022-12-15T10:11:47","modified_gmt":"2022-12-15T09:11:47","slug":"playstation-network-card-75-eur-germany","status":"publish","type":"product","link":"https:\/\/3mkstore.com\/en\/playstation-network-card-75-eur-germany\/","title":{"rendered":"PlayStation Network Card 75 EUR (DE) - PSN GERMANY"},"content":{"rendered":"<p>Cl\u00e9 PlayStation Network Card 75 EUR (DE)<br \/>\nLa carte-cadeau PlayStation (75 cartes PSN) ajoute 75 EUR \u00e0 un compte PlayStation Network s\u00e9lectionn\u00e9, qu&rsquo;il s&rsquo;agisse de votre propre portefeuille PSN ou d&rsquo;un propri\u00e9taire de console PlayStation de votre choix. Les fonds de la carte PSN peuvent \u00eatre utilis\u00e9s pour faire des achats sur le Sony Entertainment Network Store, l&rsquo;une des plus grandes vitrines num\u00e9riques en ligne. Achetez la carte et \u00e9largissez vos possibilit\u00e9s sur la plateforme PlayStation !<\/p>\n<p>Take advantage of our selection of PSN offers<br \/>\nIn addition to the wide assortment of video games, exclusives and DLC, the PlayStation Store offers a variety of non-game related products and services. Load a chosen PSN wallet with a PSN card worth 10 to enjoy movies, songs, TV series, add-ons and buy various subscriptions. There are many ways to enjoy the PlayStation console, and a PSN gift card unlocks all these possibilities.<\/p>\n<p>PlayStation gift card - pay less, earn more!<br \/>\nUne carte PlayStation de n&rsquo;importe quelle valeur offre les avantages d&rsquo;une transaction s\u00e9curis\u00e9e sur le PlayStation Network, d&rsquo;une utilisation simple et rapide, ainsi que de la possibilit\u00e9 d&rsquo;\u00e9conomiser ! \u00c9tant donn\u00e9 que les codes PSN n&rsquo;ont pas de prix stable, cela signifie souvent que vous pouvez les acheter \u00e0 un prix inf\u00e9rieur \u00e0 la valeur fournie par une carte PSN sur le PlayStation Store. Ajoutez \u00e0 cela le fait qu&rsquo;une carte 75 PSN n&rsquo;a pas de date d&rsquo;expiration et vous avez une opportunit\u00e9 incroyable d&rsquo;acheter un bon PSN d\u00e8s maintenant afin d&rsquo;\u00e9conomiser ce que vous d\u00e9pensez \u00e0 l&rsquo;avance !<\/p>\n<p>Gift PSN card<br \/>\nC&rsquo;est vrai, il n&rsquo;y a pas de limite de temps lorsqu&rsquo;il s&rsquo;agit d&rsquo;utiliser une carte-cadeau PlayStation sur le Sony Entertainment Network Store. Achetez-le maintenant, gardez-le pour une occasion sp\u00e9ciale (comme un anniversaire ou No\u00ebl) et surprenez un joueur PlayStation avec un cadeau qu&rsquo;il appr\u00e9ciera certainement ! Qui ne voudrait pas que 75 EUR suppl\u00e9mentaires soient ajout\u00e9s \u00e0 son compte PSN ? Vous ne pouvez pas manquer avec une carte 75 PSN quand il s&rsquo;agit d&rsquo;id\u00e9es cadeaux pour les personnes connect\u00e9es au PlayStation Network.<\/p>\n<p>Discover more PSN gift card offers!<br \/>\nM\u00eame si les 75 EUR en eux-m\u00eames ne satisferont pas tous les besoins possibles sur la vitrine num\u00e9rique PlayStation, ils ajouteront n\u00e9anmoins \u00e0 la valeur g\u00e9n\u00e9rale du compte PSN. Si vous achetez la carte PSN en cadeau, vous pouvez aider le destinataire du cadeau \u00e0 \u00e9conomiser pour cette chose sp\u00e9cifique qu&rsquo;il aurait pu vouloir depuis longtemps ! Enfin, une carte 75 PSN n&rsquo;est pas la seule option. Les codes PSN pr\u00e9sent\u00e9s sur 3mkstore incluent des cartes-cadeaux d&rsquo;une valeur allant de 5 EUR \u00e0 120 EUR. N&rsquo;oubliez pas de consulter la carte PS Plus et les offres PlayStation d\u00e9sormais \u00e9galement. La proc\u00e9dure pour activer les cl\u00e9s PSN que vous avez achet\u00e9es est la suivante.<\/p>\n<p>Activation process :<\/p>\n<p>- Open a Sony Network Entertainment account on PSN (or use your existing Sony Entertainment Network account) ;<br \/>\n- Select the PlayStation\u00aeStore icon on the PS4\u2122 system home screen;<br \/>\n- When you are on PlayStation Store, select Use codes at the bottom of the menu;<br \/>\n- Enter the key code you received in your e-mail;<br \/>\n- Select Continue in the dialog box;<br \/>\n- Select Confirm to accept the terms and services pop-up window;<br \/>\n\u2022 Cliquez sur Continuer pour terminer l&rsquo;activation de la carte 75 PSN !<\/p>","protected":false},"excerpt":{"rendered":"<table>\n<tbody>\n<tr>\n<th><strong><span style=\"color: #89d62c\">Delivery time<\/span><\/strong><\/th>\n<td><strong>5-20 min<\/strong><\/td>\n<\/tr>\n<tr>\n<th><strong><span style=\"color: #89d62c\">Delivery<\/span><\/strong><\/th>\n<td><strong>Email code\u00a0<\/strong><\/td>\n<\/tr>\n<tr>\n<th><strong><span style=\"color: #89d62c\">Account\/Region<\/span><\/strong><\/th>\n<td><strong>Germany<\/strong><\/td>\n<\/tr>\n<tr style=\"background-image: url('https:\/\/3mkstore.com\/mk_content\/uploads\/2022\/03\/wp-1647800065549.png')\">\n<th><strong><span style=\"color: #89d62c\">Platform<\/span><\/strong><\/th>\n<td><strong>PlayStation<\/strong><\/td>\n<\/tr>\n<\/tbody>\n<\/table>","protected":false},"featured_media":46786,"comment_status":"open","ping_status":"closed","template":"","meta":{"site-sidebar-layout":"default","site-content-layout":"default","ast-site-content-layout":"","site-content-style":"default","site-sidebar-style":"default","ast-global-header-display":"","ast-banner-title-visibility":"","ast-main-header-display":"","ast-hfb-above-header-display":"","ast-hfb-below-header-display":"","ast-hfb-mobile-header-display":"","site-post-title":"","ast-breadcrumbs-content":"","ast-featured-img":"","footer-sml-layout":"","theme-transparent-header-meta":"default","adv-header-id-meta":"","stick-header-meta":"default","header-above-stick-meta":"","header-main-stick-meta":"","header-below-stick-meta":"","astra-migrate-meta-layouts":"default","ast-page-background-enabled":"default","ast-page-background-meta":{"desktop":{"background-color":"","background-image":"","background-repeat":"repeat","background-position":"center center","background-size":"auto","background-attachment":"scroll","background-type":"","background-media":"","overlay-type":"","overlay-color":"","overlay-opacity":"","overlay-gradient":""},"tablet":{"background-color":"","background-image":"","background-repeat":"repeat","background-position":"center center","background-size":"auto","background-attachment":"scroll","background-type":"","background-media":"","overlay-type":"","overlay-color":"","overlay-opacity":"","overlay-gradient":""},"mobile":{"background-color":"","background-image":"","background-repeat":"repeat","background-position":"center center","background-size":"auto","background-attachment":"scroll","background-type":"","background-media":"","overlay-type":"","overlay-color":"","overlay-opacity":"","overlay-gradient":""}},"ast-content-background-meta":{"desktop":{"background-color":"var(--ast-global-color-5)","background-image":"","background-repeat":"repeat","background-position":"center center","background-size":"auto","background-attachment":"scroll","background-type":"","background-media":"","overlay-type":"","overlay-color":"","overlay-opacity":"","overlay-gradient":""},"tablet":{"background-color":"var(--ast-global-color-5)","background-image":"","background-repeat":"repeat","background-position":"center center","background-size":"auto","background-attachment":"scroll","background-type":"","background-media":"","overlay-type":"","overlay-color":"","overlay-opacity":"","overlay-gradient":""},"mobile":{"background-color":"var(--ast-global-color-5)","background-image":"","background-repeat":"repeat","background-position":"center center","background-size":"auto","background-attachment":"scroll","background-type":"","background-media":"","overlay-type":"","overlay-color":"","overlay-opacity":"","overlay-gradient":""}}},"product_brand":[],"product_cat":[40,35],"product_tag":[],"class_list":{"0":"post-46763","1":"product","2":"type-product","3":"status-publish","4":"has-post-thumbnail","6":"product_cat-cartes-cadeaux","7":"product_cat-psn","8":"desktop-align-left","9":"tablet-align-left","10":"mobile-align-left","11":"ast-product-gallery-layout-horizontal","12":"ast-product-gallery-with-no-image","13":"ast-magnify-disabled","14":"ast-product-tabs-layout-accordion","16":"first","17":"instock","18":"virtual","19":"purchasable","20":"product-type-simple"},"jetpack-related-posts":[],"jetpack_sharing_enabled":true,"_links":{"self":[{"href":"https:\/\/3mkstore.com\/en\/wp-json\/wp\/v2\/product\/46763","targetHints":{"allow":["GET"]}}],"collection":[{"href":"https:\/\/3mkstore.com\/en\/wp-json\/wp\/v2\/product"}],"about":[{"href":"https:\/\/3mkstore.com\/en\/wp-json\/wp\/v2\/types\/product"}],"replies":[{"embeddable":true,"href":"https:\/\/3mkstore.com\/en\/wp-json\/wp\/v2\/comments?post=46763"}],"version-history":[{"count":0,"href":"https:\/\/3mkstore.com\/en\/wp-json\/wp\/v2\/product\/46763\/revisions"}],"wp:featuredmedia":[{"embeddable":true,"href":"https:\/\/3mkstore.com\/en\/wp-json\/wp\/v2\/media\/46786"}],"wp:attachment":[{"href":"https:\/\/3mkstore.com\/en\/wp-json\/wp\/v2\/media?parent=46763"}],"wp:term":[{"taxonomy":"product_brand","embeddable":true,"href":"https:\/\/3mkstore.com\/en\/wp-json\/wp\/v2\/product_brand?post=46763"},{"taxonomy":"product_cat","embeddable":true,"href":"https:\/\/3mkstore.com\/en\/wp-json\/wp\/v2\/product_cat?post=46763"},{"taxonomy":"product_tag","embeddable":true,"href":"https:\/\/3mkstore.com\/en\/wp-json\/wp\/v2\/product_tag?post=46763"}],"curies":[{"name":"wp","href":"https:\/\/api.w.org\/{rel}","templated":true}]}}