{"id":46904,"date":"2022-12-13T17:20:15","date_gmt":"2022-12-13T16:20:15","guid":{"rendered":"https:\/\/3mkstore.com\/?post_type=product&#038;p=46904"},"modified":"2022-12-13T17:42:23","modified_gmt":"2022-12-13T16:42:23","slug":"playstation-network-gift-card-5-eur-psn-finland","status":"publish","type":"product","link":"https:\/\/3mkstore.com\/en\/playstation-network-gift-card-5-eur-psn-finland\/","title":{"rendered":"PlayStation Network Card 5 EUR (FI) - PSN FINLAND"},"content":{"rendered":"<div class=\"Wz6WhX XxYK78 L6cSBv\">\n<h2>Cl\u00e9 PlayStation Network Card 5 EUR (FI)<\/h2>\n<div>\n<p>Obtenez la cl\u00e9 PlayStation Network Card 5 EUR pour votre compte PSN (FI) et augmentez les fonds de votre compte en un instant ! Les prochaines \u00e9tapes concernant vos achats d\u00e9pendront enti\u00e8rement de vous ! Le PS Store est \u00e9norme et, par cons\u00e9quent, il propose toute une vari\u00e9t\u00e9 de contenus con\u00e7us explicitement pour r\u00e9pondre aux besoins des joueurs les plus exigeants. La plate-forme propose \u00e0 la fois du contenu gratuit et des services cach\u00e9s derri\u00e8re un abonnement mensuel. Avec cette cl\u00e9 cependant, il n&rsquo;est pas n\u00e9cessaire de se cacher et de chercher.<\/p>\n<h2>Toss a coin, present a gift<\/h2>\n<p>L&rsquo;acheter pour votre profit personnel n&rsquo;est qu&rsquo;un c\u00f4t\u00e9 de la m\u00e9daille &#8211; l&rsquo;acheter pour quelqu&rsquo;un qui vous est cher et que vous ch\u00e9rissez en est l&rsquo;autre. La marchandise de choix est toujours avec vous. La PlayStation Network Card 5 EUR est le cadeau parfait pour tous ceux qui, m\u00eame \u00e0 distance, se rapportent au PlayStation Network ! Et si vous n&rsquo;\u00eates pas particuli\u00e8rement s\u00fbr que c&rsquo;est le montant dont vous avez besoin ; nous avons de nombreuses cl\u00e9s de valeur diff\u00e9rentes pour r\u00e9pondre \u00e0 vos besoins &#8211; l&rsquo;effort et les bonnes intentions ne sont jamais oubli\u00e9s, gardez-le \u00e0 l&rsquo;esprit !<\/p>\n<h2>Easy acquisition, fast delivery<\/h2>\n<p>Alors, que faites-vous une fois que la carte PSN est dans votre paume ? Tout d&rsquo;abord, vous devez vous connecter \u00e0 un compte PSN d\u00e9sign\u00e9 (dans ce cas, Finlande &#8211; FI) et activer la carte en entrant le code cl\u00e9 que vous avez re\u00e7u dans votre e-mail. Si vous \u00eates nouveau sur le r\u00e9seau PSN, les instructions sur la fa\u00e7on d&rsquo;activer la PlayStation Network Card 5 EUR (ou toute autre carte-cl\u00e9 d&rsquo;ailleurs) se trouvent tout en bas de ce r\u00e9sum\u00e9. D\u00e9couvrez-le pour une utilisation rapide, pratique et simple. Une fois activ\u00e9, le compte PSN d\u00e9fini re\u00e7oit 5 EUR suppl\u00e9mentaires &#8211; le moment est venu de profiter d&rsquo;un divertissement de qualit\u00e9 !<\/p>\n<h2>Quality and quantity<\/h2>\n<p>If quality is on the menu, let's check the list of available dishes. And it's not just a few neat dishes you can choose from. 5 EUR is just the right amount for a nice stroll around the block! The PSN Shop contains thousands of games, movies, packs, add-ons, various editions, special offers and even branded services such as PlayStation VR, PlayStation Plus, PlayStation Now and PlayStation Vue! Buy the PlayStation Network Card 5 EUR and discover an experience worthy of your time and effort!<\/p>\n<h2>Practical purchase<\/h2>\n<p>Bien s\u00fbr, vous pouvez affirmer que les 5 EUR ne sont pas tout \u00e0 fait suffisants pour acheter la derni\u00e8re version AAA, cependant, le r\u00e9seau PSN vous propose au moins deux solutions qui couvriraient la diff\u00e9rence entre le prix du jeu et la valeur de votre carte-cadeau. Pour l&rsquo;achat le plus pratique, choisissez simplement l&rsquo;une des nombreuses mesures de paiement diff\u00e9rentes, un bon exemple serait l&rsquo;utilisation d&rsquo;une carte de cr\u00e9dit pour couvrir le reste du montant. Et honn\u00eatement, vous pouvez toujours acheter une carte-cadeau d&rsquo;une valeur plus \u00e9lev\u00e9e ou m\u00eame en activer deux d&rsquo;affil\u00e9e si vous vous sentez d\u00e9cha\u00een\u00e9 ! Achetez vos jeux comme vous le souhaitez.<\/p>\n<h2>No to expiry date<\/h2>\n<p>Buy the PlayStation Network Card 5 EUR even if you don't plan to use it any time soon. Their prices change from time to time, and if you catch the right moment, you can snatch it up for far less than the funds it adds. And if you're worried about the gift card's expiration date, don't be! Because there's no expiration date on these. You buy it, and it's yours for life, you give it, and it's also someone else's for life (for life, or at least until it's finally activated). So activate it anytime, anywhere... the passage of time affects almost everything, but not these gift cards.<\/p>\n<h2>Profile customization<\/h2>\n<p>If you're looking for the most satisfying user experience, all the different customization options for your PSN account should also be on your radar! Buy the PlayStation Network Card for 5 EUR and make your user profile as cool as possible. The ability to customize your profile adds a ton to the overall experience - dynamic themes, a range of add-ons, captivating avatars and many other amazing account-focused enhancements will make your day, week, month and even year, a whole lot more colorful and sweet. Create the profile of your dreams with seamless ease and ingenuity - millions of players have already done it!<\/p>\n<h2>More for less<\/h2>\n<p>So don't wait for time to pass on your skills and reflexes - buy the PlayStation Network Card for 5 EUR today, give it away, activate it yourself and enjoy the full content provided by the PlayStation Network. If you've never used the PS Card before, now's probably the best time - why? Because there's no bad time to enjoy top-quality content created by the most creative minds in the gaming industry. It's also worth noting that the higher the value of the gift card, the lower its price - get more for less, that's the deal with these!<\/p>\n<h2>Transparent activation<\/h2>\n<p>If you'd like to activate the digital code in a convenient, easy and simple way, follow the steps below - it's not difficult at all.<\/p>\n<ul>\n<li>Acheter une cl\u00e9 PlayStation Network Card 5 EUR (FI)<\/li>\n<li>Check your e-mail (the key can be delivered in a few moments after your purchase)<\/li>\n<li>Once you are on your PS dashboard, click to access the store<\/li>\n<li>Once in the store, scroll down and click on Use codes<\/li>\n<li>A prompt should appear. Enter your prepaid PS card number (the one on your e-mail)<\/li>\n<li>F\u00e9licitations, 5 EUR de fonds sont d\u00e9sormais \u00e0 vous !<\/li>\n<\/ul>\n<p>Il existe une autre fa\u00e7on d&rsquo;activer votre PlayStation Network Card 5 EUR (ou toute autre carte-cadeau d&rsquo;ailleurs), pour certains, celle-ci pourrait \u00eatre encore plus pratique. Pour l&rsquo;activation alternative, suivez ces \u00e9tapes.<\/p>\n<ul>\n<li>Choose a list of items you wish to purchase<\/li>\n<li>Add them to your basket<\/li>\n<li>Once you have selected the items you wish to purchase, click on Proceed to checkout.<\/li>\n<li>Once the payment selection menu appears, click on Use codes and gift cards<\/li>\n<li>That's it! Not only have you just activated your PS Card, but you've also paid for your purchases!<\/li>\n<\/ul>\n<\/div>\n<\/div>","protected":false},"excerpt":{"rendered":"<table>\n<tbody>\n<tr>\n<th><strong><span style=\"color: #89d62c\">Delivery time<\/span><\/strong><\/th>\n<td><strong>5-20 min<\/strong><\/td>\n<\/tr>\n<tr>\n<th><strong><span style=\"color: #89d62c\">Delivery<\/span><\/strong><\/th>\n<td><strong>Email code\u00a0<\/strong><\/td>\n<\/tr>\n<tr>\n<th><strong><span style=\"color: #89d62c\">Account\/Region<\/span><\/strong><\/th>\n<td><strong>Finland<\/strong><\/td>\n<\/tr>\n<tr style=\"background-image: url('https:\/\/3mkstore.com\/mk_content\/uploads\/2022\/03\/wp-1647800065549.png')\">\n<th><strong><span style=\"color: #89d62c\">Platform<\/span><\/strong><\/th>\n<td><strong>PlayStation<\/strong><\/td>\n<\/tr>\n<\/tbody>\n<\/table>","protected":false},"featured_media":46909,"comment_status":"open","ping_status":"closed","template":"","meta":{"site-sidebar-layout":"default","site-content-layout":"default","ast-site-content-layout":"","site-content-style":"default","site-sidebar-style":"default","ast-global-header-display":"","ast-banner-title-visibility":"","ast-main-header-display":"","ast-hfb-above-header-display":"","ast-hfb-below-header-display":"","ast-hfb-mobile-header-display":"","site-post-title":"","ast-breadcrumbs-content":"","ast-featured-img":"","footer-sml-layout":"","theme-transparent-header-meta":"default","adv-header-id-meta":"","stick-header-meta":"default","header-above-stick-meta":"","header-main-stick-meta":"","header-below-stick-meta":"","astra-migrate-meta-layouts":"default","ast-page-background-enabled":"default","ast-page-background-meta":{"desktop":{"background-color":"","background-image":"","background-repeat":"repeat","background-position":"center center","background-size":"auto","background-attachment":"scroll","background-type":"","background-media":"","overlay-type":"","overlay-color":"","overlay-opacity":"","overlay-gradient":""},"tablet":{"background-color":"","background-image":"","background-repeat":"repeat","background-position":"center center","background-size":"auto","background-attachment":"scroll","background-type":"","background-media":"","overlay-type":"","overlay-color":"","overlay-opacity":"","overlay-gradient":""},"mobile":{"background-color":"","background-image":"","background-repeat":"repeat","background-position":"center center","background-size":"auto","background-attachment":"scroll","background-type":"","background-media":"","overlay-type":"","overlay-color":"","overlay-opacity":"","overlay-gradient":""}},"ast-content-background-meta":{"desktop":{"background-color":"var(--ast-global-color-5)","background-image":"","background-repeat":"repeat","background-position":"center center","background-size":"auto","background-attachment":"scroll","background-type":"","background-media":"","overlay-type":"","overlay-color":"","overlay-opacity":"","overlay-gradient":""},"tablet":{"background-color":"var(--ast-global-color-5)","background-image":"","background-repeat":"repeat","background-position":"center center","background-size":"auto","background-attachment":"scroll","background-type":"","background-media":"","overlay-type":"","overlay-color":"","overlay-opacity":"","overlay-gradient":""},"mobile":{"background-color":"var(--ast-global-color-5)","background-image":"","background-repeat":"repeat","background-position":"center center","background-size":"auto","background-attachment":"scroll","background-type":"","background-media":"","overlay-type":"","overlay-color":"","overlay-opacity":"","overlay-gradient":""}}},"product_brand":[],"product_cat":[40,35],"product_tag":[],"class_list":{"0":"post-46904","1":"product","2":"type-product","3":"status-publish","4":"has-post-thumbnail","6":"product_cat-cartes-cadeaux","7":"product_cat-psn","8":"desktop-align-left","9":"tablet-align-left","10":"mobile-align-left","11":"ast-product-gallery-layout-horizontal","12":"ast-product-gallery-with-no-image","13":"ast-magnify-disabled","14":"ast-product-tabs-layout-accordion","16":"first","17":"instock","18":"virtual","19":"purchasable","20":"product-type-simple"},"jetpack-related-posts":[],"jetpack_sharing_enabled":true,"_links":{"self":[{"href":"https:\/\/3mkstore.com\/en\/wp-json\/wp\/v2\/product\/46904","targetHints":{"allow":["GET"]}}],"collection":[{"href":"https:\/\/3mkstore.com\/en\/wp-json\/wp\/v2\/product"}],"about":[{"href":"https:\/\/3mkstore.com\/en\/wp-json\/wp\/v2\/types\/product"}],"replies":[{"embeddable":true,"href":"https:\/\/3mkstore.com\/en\/wp-json\/wp\/v2\/comments?post=46904"}],"version-history":[{"count":0,"href":"https:\/\/3mkstore.com\/en\/wp-json\/wp\/v2\/product\/46904\/revisions"}],"wp:featuredmedia":[{"embeddable":true,"href":"https:\/\/3mkstore.com\/en\/wp-json\/wp\/v2\/media\/46909"}],"wp:attachment":[{"href":"https:\/\/3mkstore.com\/en\/wp-json\/wp\/v2\/media?parent=46904"}],"wp:term":[{"taxonomy":"product_brand","embeddable":true,"href":"https:\/\/3mkstore.com\/en\/wp-json\/wp\/v2\/product_brand?post=46904"},{"taxonomy":"product_cat","embeddable":true,"href":"https:\/\/3mkstore.com\/en\/wp-json\/wp\/v2\/product_cat?post=46904"},{"taxonomy":"product_tag","embeddable":true,"href":"https:\/\/3mkstore.com\/en\/wp-json\/wp\/v2\/product_tag?post=46904"}],"curies":[{"name":"wp","href":"https:\/\/api.w.org\/{rel}","templated":true}]}}