{"id":9438,"date":"2021-03-22T16:29:05","date_gmt":"2021-03-22T15:29:05","guid":{"rendered":"https:\/\/3mkstore.com\/?post_type=product&#038;p=9438"},"modified":"2022-04-20T15:57:56","modified_gmt":"2022-04-20T13:57:56","slug":"dayz-livonia-dlc-steam-key-global","status":"publish","type":"product","link":"https:\/\/3mkstore.com\/en\/dayz-livonia-dlc-steam-key-global\/","title":{"rendered":"DayZ - Livonia (DLC) Steam Key GLOBAL"},"content":{"rendered":"<p><iframe class=\"elementor-video\" title=\"YouTube video player\" src=\"https:\/\/www.youtube.com\/embed\/BWGH3llbOjs\" width=\"640\" height=\"360\" frameborder=\"0\" allowfullscreen=\"allowfullscreen\"><span data-mce-type=\"bookmark\" style=\"display: inline-block; width: 0px; overflow: hidden; line-height: 0;\" class=\"mce_SELRES_start\"><\/span><span data-mce-type=\"bookmark\" style=\"display: inline-block; width: 0px; overflow: hidden; line-height: 0;\" class=\"mce_SELRES_start\"><\/span><span data-mce-type=\"bookmark\" style=\"display: inline-block; width: 0px; overflow: hidden; line-height: 0;\" class=\"mce_SELRES_start\"><\/span><span data-mce-type=\"bookmark\" style=\"display: inline-block; width: 0px; overflow: hidden; line-height: 0;\" class=\"mce_SELRES_start\"><\/span><span data-mce-type=\"bookmark\" style=\"display: inline-block; width: 0px; overflow: hidden; line-height: 0;\" class=\"mce_SELRES_start\"><\/span><\/iframe><\/p>\n<h2>DayZ &#8211; Livonie (DLC)<\/h2>\n<div>\n<p><strong>Fonctionnalit\u00e9s de DayZ &#8211; Livonia (DLC) :<\/strong><\/p>\n<ul>\n<li aria-level=\"1\">\u00a0Nouveau monde massif \u00e0 explorer. Avec ses 163 km\u00b2, la Livonie est assez grande pour vous offrir des heures d\u2019exploration au fur et \u00e0 mesure que vous apprenez la configuration de la terre;<\/li>\n<li aria-level=\"1\">\u00a0Environnement idyllique;<\/li>\n<li aria-level=\"1\">\u00a0Rencontres fr\u00e9quentes;<\/li>\n<li aria-level=\"1\">\u00a0Terrain de chasse frais;<\/li>\n<li aria-level=\"1\">\u00a0Temps erratique.<\/li>\n<\/ul>\n<p>Achetez la cl\u00e9 DayZ\u00a0et participez \u00e0 un jeu de bac \u00e0 sable de survie en monde ouvert multijoueur \u00e0 grande \u00e9chelle qui a \u00e9t\u00e9 d\u00e9velopp\u00e9 et publi\u00e9 par Bohemia Interactive. Situ\u00e9 dans le pays fictif post-sovi\u00e9tique de Chernarus, DayZ vous fait concourir ou collaborer avec d\u2019autres survivants d\u2019une \u00e9pid\u00e9mie mondiale d\u2019infection zombie. En tant que survivant, vous \u00eates immunis\u00e9 contre la maladie, mais l\u2019infection est le cadet de vos soucis. La catastrophe a laiss\u00e9 les restes de l\u2019humanit\u00e9 se battre pour des ressources rares dans un monde d\u00e9j\u00e0 dur ravag\u00e9 par un virus zombie.<strong><span data-preserver-spaces=\"true\">\u00a0<\/span><\/strong><\/p>\n<h2>L\u2019enjeu est de taille<span data-preserver-spaces=\"true\">\u00a0<\/span><\/h2>\n<p><span data-preserver-spaces=\"true\">Si vous trouvez la plupart des jeux trop faciles, achetez la cl\u00e9<strong>\u00a0<\/strong>DayZ Steam et votre envie d\u2019un v\u00e9ritable d\u00e9fi sera satisfaite. Lorsque vous apparaissez sur un serveur, vous commencez avec absolument rien. Il n\u2019y a pas d\u2019instructions, de mini-cartes ou de tutoriels. Il n\u2019y a pas non plus de sauvegarde, donc si vous mourez une fois que vous perdez tout et que vous devrez recommencer \u00e0 z\u00e9ro.<\/span><\/p>\n<p><span data-preserver-spaces=\"true\">Oubliez le sentiment de s\u00e9curit\u00e9 car dans le monde de DayZ, vous \u00eates toujours en danger constant : les citoyens infect\u00e9s, les animaux pr\u00e9dateurs et les joueurs hostiles ne repr\u00e9sentent qu\u2019une fraction des menaces qui existent pour vous. Cependant, dur ne signifie pas impossible, car vous allez relever ces d\u00e9fis en appliquant diverses techniques de survie.<\/span><span data-preserver-spaces=\"true\">\u00a0<\/span><\/p>\n<h2>M\u00e9canique de survie complexe<\/h2>\n<p><span data-preserver-spaces=\"true\">Vous voulez devenir les Bear Grylls d\u2019une apocalypse zombie? Allez-y et achetez la cl\u00e9 DayZ Steam!\u00a0Afin de survivre, vous vous d\u00e9placerez \u00e0 travers le monde \u00e0 la recherche d\u2019armes, de nourriture et de r\u00e9cup\u00e9ration d\u2019autres ressources cruciales si vous voulez rester en vie pendant un temps important. Les techniques de survie que vous allez appliquer dans DayZ en impliquent beaucoup!<\/span><\/p>\n<p><span data-preserver-spaces=\"true\">Artisanat, exploration, pillage, chasse, ainsi que la cuisson de votre nourriture, le traitement de vos blessures et la collecte d\u2019eau douce, entre autres choses. Et bien s\u00fbr, n\u2019oubliez pas de vous battre. Vous pourrez vous engager \u00e0 la fois dans des combats au corps \u00e0 corps et dans des jeux de tir qui n\u00e9cessitent un entretien r\u00e9aliste des armes \u00e0 feu et la conservation des munitions. Ne faites pas trop de bruit car cela peut attirer une attention ind\u00e9sirable.<\/span><span data-preserver-spaces=\"true\">\u00a0<\/span><\/p>\n<h2>Explorez une zone ouverte de 230 kilom\u00e8tres carr\u00e9s<span data-preserver-spaces=\"true\">\u00a0<\/span><\/h2>\n<p>Achetez la cl\u00e9 DayZ Steam<span data-preserver-spaces=\"true\">\u00a0pour explorer une vaste zone d\u2019environ 230 kilom\u00e8tres carr\u00e9s. Cela peut prendre des heures pour aller d\u2019un bout \u00e0 l\u2019autre, m\u00eame si vous utilisez des v\u00e9hicules. Il n\u2019y a pas de mini-cartes sophistiqu\u00e9es ici. Vous devrez vous orienter dans la r\u00e9gion \u00e0 l\u2019aide d\u2019une boussole, de panneaux de signalisation, de cartes que vous trouverez en explorant le monde, vous devrez peut-\u00eatre m\u00eame compter sur les corps c\u00e9lestes pour la navigation. Mis \u00e0 part divers ennemis qui habitent ce monde, vous devrez combattre m\u00e8re nature elle-m\u00eame!<\/span><\/p>\n<p><span data-preserver-spaces=\"true\">Chernarus a une m\u00e9t\u00e9o dynamique qui peut devenir un d\u00e9fi en soi. Construire un abri et le prot\u00e9ger des joueurs hostiles ou d\u2019autres ennemis est un must.\u00a0<\/span>Achetez la cl\u00e9 DayZ Steam\u00a0<span data-preserver-spaces=\"true\">et jouez sur des serveurs pouvant accueillir jusqu\u2019\u00e0 60 joueurs \u00e0 la fois ! Ce n\u2019est pas une bataille royale, mais elle peut rapidement le devenir \u00e0 moins que vous ne jouiez avec des amis (ou m\u00eame que vous en trouviez). Travaillez ensemble \u00e0 la survie en combinant vos ressources et agissez comme une escouade paramilitaire!<\/span><\/p>\n<\/div>\n<p><strong style=\"font-size: 1.7em;\"><span style=\"color: #89d62c;\">Minimum system requirements (PC)*<\/span><\/strong><\/p>\n<table>\n<tbody>\n<tr>\n<td class=\"title\"><strong>OS<\/strong><\/td>\n<td class=\"value\"><strong>Windows 7\/8\/10<\/strong><\/td>\n<\/tr>\n<tr>\n<td class=\"title\"><strong>CPU<\/strong><\/td>\n<td class=\"value\"><strong>Intel Core i5-4430<\/strong><\/td>\n<\/tr>\n<tr>\n<td class=\"title\"><strong>RAM<\/strong><\/td>\n<td class=\"value\"><strong>8 GB<\/strong><\/td>\n<\/tr>\n<tr>\n<td class=\"title\"><strong>GPU<\/strong><\/td>\n<td class=\"value\"><strong>Nvidia GeForce GTX 760 \/ AMD R9 270X<\/strong><\/td>\n<\/tr>\n<tr>\n<td class=\"title\"><strong>HDD<\/strong><\/td>\n<td class=\"value\"><strong>16 GB free disk space<\/strong><\/td>\n<\/tr>\n<\/tbody>\n<\/table>\n<h2><strong><span style=\"color: #89d62c;\">Recommended configuration (PC)<\/span><span style=\"color: #89d62c;\">*<\/span><\/strong><\/h2>\n<table>\n<tbody>\n<tr>\n<td class=\"title\"><strong>OS<\/strong><\/td>\n<td class=\"value\"><strong>Windows 10<\/strong><\/td>\n<\/tr>\n<tr>\n<td class=\"title\"><strong>CPU<\/strong><\/td>\n<td class=\"value\"><strong>Intel Core i5-6600K \/ AMD R5 1600X<\/strong><\/td>\n<\/tr>\n<tr>\n<td class=\"title\"><strong>RAM<\/strong><\/td>\n<td class=\"value\"><strong>12 GB<\/strong><\/td>\n<\/tr>\n<tr>\n<td class=\"title\"><strong>GPU<\/strong><\/td>\n<td class=\"value\"><strong>Nvidia GeForce GTX 1060 \/ AMD RX 580<\/strong><\/td>\n<\/tr>\n<\/tbody>\n<\/table>\n<h2><strong><span style=\"color: #89d62c;\">Other details<\/span><\/strong><\/h2>\n<table>\n<tbody>\n<tr>\n<td class=\"title\"><strong>Languages<\/strong><\/td>\n<td class=\"value\"><strong>German<\/strong><\/p>\n<p><strong>English<\/strong><\/p>\n<p><strong>French<\/strong><\/p>\n<p><strong>Italy<\/strong><\/p>\n<p><strong>Japanese<\/strong><\/p>\n<p><strong>Polish<\/strong><\/p>\n<p><strong>Russian<\/strong><\/p>\n<p><strong>Simplified Chinese<\/strong><\/p>\n<p><strong>Spanish - Spain<\/strong><\/p>\n<p><strong>Czech<\/strong><\/p>\n<p><strong>Traditional Chinese<\/strong><\/td>\n<\/tr>\n<tr>\n<td class=\"title\"><strong>Release dates<\/strong><\/td>\n<td class=\"value\">\n<div class=\"r1iAKt\">\n<div class=\"r1iAKt\"><strong>3 d\u00e9cembre 2019<\/strong><\/div>\n<\/div>\n<\/td>\n<\/tr>\n<tr>\n<td class=\"title\"><strong>Publisher<\/strong><\/td>\n<td class=\"value\"><strong>Boh\u00eame Interactif<\/strong><\/td>\n<\/tr>\n<tr>\n<td class=\"title\"><strong>Developers<\/strong><\/td>\n<td class=\"value\"><strong>Boh\u00eame Interactif<\/strong><\/td>\n<\/tr>\n<tr>\n<td class=\"title\"><strong>Works on<\/strong><\/td>\n<td class=\"value\"><strong>Windows<\/strong><\/td>\n<\/tr>\n<\/tbody>\n<\/table>","protected":false},"excerpt":{"rendered":"<table>\n<tbody>\n<tr>\n<th><strong><span style=\"color: #89d62c;\">Delivery time<\/span><\/strong><\/th>\n<td><strong>5-20 min<\/strong><\/td>\n<\/tr>\n<tr>\n<th><strong><span style=\"color: #89d62c;\">Delivery<\/span><\/strong><\/th>\n<td><strong>Email code<\/strong><\/td>\n<\/tr>\n<tr>\n<th><strong><span style=\"color: #89d62c;\">Account\/Region<\/span><\/strong><\/th>\n<td><strong>Europe<\/strong><\/td>\n<\/tr>\n<tr style=\"background-image: url('https:\/\/3mkstore.com\/mk_content\/uploads\/2022\/03\/icons8-steam-40-1.png');\">\n<th><strong><span style=\"color: #89d62c;\">Platform<\/span><\/strong><\/th>\n<td><strong>Steam<\/strong><\/td>\n<\/tr>\n<\/tbody>\n<\/table>","protected":false},"featured_media":28008,"comment_status":"open","ping_status":"closed","template":"","meta":{"site-sidebar-layout":"default","site-content-layout":"default","ast-site-content-layout":"","site-content-style":"default","site-sidebar-style":"default","ast-global-header-display":"","ast-banner-title-visibility":"","ast-main-header-display":"","ast-hfb-above-header-display":"","ast-hfb-below-header-display":"","ast-hfb-mobile-header-display":"","site-post-title":"","ast-breadcrumbs-content":"","ast-featured-img":"","footer-sml-layout":"","theme-transparent-header-meta":"default","adv-header-id-meta":"","stick-header-meta":"default","header-above-stick-meta":"","header-main-stick-meta":"","header-below-stick-meta":"","astra-migrate-meta-layouts":"default","ast-page-background-enabled":"default","ast-page-background-meta":{"desktop":{"background-color":"","background-image":"","background-repeat":"repeat","background-position":"center center","background-size":"auto","background-attachment":"scroll","background-type":"","background-media":"","overlay-type":"","overlay-color":"","overlay-opacity":"","overlay-gradient":""},"tablet":{"background-color":"","background-image":"","background-repeat":"repeat","background-position":"center center","background-size":"auto","background-attachment":"scroll","background-type":"","background-media":"","overlay-type":"","overlay-color":"","overlay-opacity":"","overlay-gradient":""},"mobile":{"background-color":"","background-image":"","background-repeat":"repeat","background-position":"center center","background-size":"auto","background-attachment":"scroll","background-type":"","background-media":"","overlay-type":"","overlay-color":"","overlay-opacity":"","overlay-gradient":""}},"ast-content-background-meta":{"desktop":{"background-color":"var(--ast-global-color-5)","background-image":"","background-repeat":"repeat","background-position":"center center","background-size":"auto","background-attachment":"scroll","background-type":"","background-media":"","overlay-type":"","overlay-color":"","overlay-opacity":"","overlay-gradient":""},"tablet":{"background-color":"var(--ast-global-color-5)","background-image":"","background-repeat":"repeat","background-position":"center center","background-size":"auto","background-attachment":"scroll","background-type":"","background-media":"","overlay-type":"","overlay-color":"","overlay-opacity":"","overlay-gradient":""},"mobile":{"background-color":"var(--ast-global-color-5)","background-image":"","background-repeat":"repeat","background-position":"center center","background-size":"auto","background-attachment":"scroll","background-type":"","background-media":"","overlay-type":"","overlay-color":"","overlay-opacity":"","overlay-gradient":""}}},"product_brand":[],"product_cat":[39,194],"product_tag":[],"class_list":{"0":"post-9438","1":"product","2":"type-product","3":"status-publish","4":"has-post-thumbnail","6":"product_cat-jeux","7":"product_cat-jeux-steam","8":"desktop-align-left","9":"tablet-align-left","10":"mobile-align-left","11":"ast-product-gallery-layout-horizontal","12":"ast-magnify-disabled","13":"ast-product-tabs-layout-accordion","15":"first","16":"outofstock","17":"sale","18":"virtual","19":"sold-individually","20":"purchasable","21":"product-type-simple"},"jetpack-related-posts":[],"jetpack_sharing_enabled":true,"_links":{"self":[{"href":"https:\/\/3mkstore.com\/en\/wp-json\/wp\/v2\/product\/9438","targetHints":{"allow":["GET"]}}],"collection":[{"href":"https:\/\/3mkstore.com\/en\/wp-json\/wp\/v2\/product"}],"about":[{"href":"https:\/\/3mkstore.com\/en\/wp-json\/wp\/v2\/types\/product"}],"replies":[{"embeddable":true,"href":"https:\/\/3mkstore.com\/en\/wp-json\/wp\/v2\/comments?post=9438"}],"version-history":[{"count":0,"href":"https:\/\/3mkstore.com\/en\/wp-json\/wp\/v2\/product\/9438\/revisions"}],"wp:featuredmedia":[{"embeddable":true,"href":"https:\/\/3mkstore.com\/en\/wp-json\/wp\/v2\/media\/28008"}],"wp:attachment":[{"href":"https:\/\/3mkstore.com\/en\/wp-json\/wp\/v2\/media?parent=9438"}],"wp:term":[{"taxonomy":"product_brand","embeddable":true,"href":"https:\/\/3mkstore.com\/en\/wp-json\/wp\/v2\/product_brand?post=9438"},{"taxonomy":"product_cat","embeddable":true,"href":"https:\/\/3mkstore.com\/en\/wp-json\/wp\/v2\/product_cat?post=9438"},{"taxonomy":"product_tag","embeddable":true,"href":"https:\/\/3mkstore.com\/en\/wp-json\/wp\/v2\/product_tag?post=9438"}],"curies":[{"name":"wp","href":"https:\/\/api.w.org\/{rel}","templated":true}]}}